{"id":256,"date":"2026-03-16T10:14:48","date_gmt":"2026-03-16T10:14:48","guid":{"rendered":"https:\/\/test.evietic.com\/index.php\/producto\/aceite-de-oliva-virgen-extra-cosecha-temprana-500ml-alpha-supplements\/"},"modified":"2026-03-16T10:14:48","modified_gmt":"2026-03-16T10:14:48","slug":"aceite-de-oliva-virgen-extra-cosecha-temprana-500ml-alpha-supplements","status":"publish","type":"product","link":"https:\/\/test.evietic.com\/index.php\/producto\/aceite-de-oliva-virgen-extra-cosecha-temprana-500ml-alpha-supplements\/","title":{"rendered":"Aceite de oliva virgen extra cosecha temprana (500ml) &#8211; Alpha Supplements"},"content":{"rendered":"<p>El aceite de oliva virgen extra de Alpha Supplements es un aceite premium de cosecha temprana , pensado para quienes valoran el sabor y desean integrar una grasa de alta calidad en una rutina orientada al cuidado cardiovascular . Est\u00e1 elaborado a partir de aceituna de variedad Picual y mediante extracci\u00f3n en fr\u00edo , un proceso que permite conservar intacto su perfil sensorial y su composici\u00f3n naturalmente rica en compuestos fen\u00f3licos caracter\u00edsticos del aceite de oliva virgen extra. La cosecha temprana da lugar a un aceite de car\u00e1cter m\u00e1s verde y complejo, con notas herb\u00e1ceas y frutadas, amargor y picor equilibrados y un final persistente. Estas cualidades lo convierten en una elecci\u00f3n ideal para paladares exigentes que buscan un aceite con identidad propia, sin mezclas ni refinados, capaz de aportar matices gastron\u00f3micos de nivel premium. Su elaboraci\u00f3n cuida la integridad de la fracci\u00f3n lip\u00eddica y preserva los componentes menores responsables del aroma y la estabilidad. Los polifenoles del aceite de oliva contribuyen a la protecci\u00f3n de los l\u00edpidos sangu\u00edneos frente al estr\u00e9s oxidativo. El efecto beneficioso se obtiene con una ingesta diaria de 20 g de aceite de oliva que contenga al menos 5 mg de hidroxitirosol y sus derivados (por ejemplo, oleurope\u00edna y tirosol). El aceite de oliva virgen extra de cosecha temprana de Alpha Supplements es un producto gastron\u00f3mico de origen 100% espa\u00f1ol , elaborado en Ja\u00e9n, Andaluc\u00eda , una de las zonas de referencia mundial en la producci\u00f3n de aceite de oliva de alta calidad.<\/p>\n","protected":false},"excerpt":{"rendered":"<p>Aceite de oliva virgen extra de cosecha temprana variedad Picual con extracci\u00f3n en fr\u00edo . Para paladares exigentes y con efecto cardioprotector .<\/p>\n","protected":false},"featured_media":50,"comment_status":"open","ping_status":"closed","template":"","meta":[],"product_brand":[],"product_cat":[17,16,19,20],"product_tag":[],"class_list":{"0":"post-256","1":"product","2":"type-product","3":"status-publish","4":"has-post-thumbnail","6":"product_cat-aceites","7":"product_cat-alimentacion-saludable","8":"product_cat-efecto-antioxidante","9":"product_cat-salud-cardiovascular","11":"first","12":"instock","13":"shipping-taxable","14":"purchasable","15":"product-type-simple"},"_links":{"self":[{"href":"https:\/\/test.evietic.com\/index.php\/wp-json\/wp\/v2\/product\/256","targetHints":{"allow":["GET"]}}],"collection":[{"href":"https:\/\/test.evietic.com\/index.php\/wp-json\/wp\/v2\/product"}],"about":[{"href":"https:\/\/test.evietic.com\/index.php\/wp-json\/wp\/v2\/types\/product"}],"replies":[{"embeddable":true,"href":"https:\/\/test.evietic.com\/index.php\/wp-json\/wp\/v2\/comments?post=256"}],"wp:featuredmedia":[{"embeddable":true,"href":"https:\/\/test.evietic.com\/index.php\/wp-json\/wp\/v2\/media\/50"}],"wp:attachment":[{"href":"https:\/\/test.evietic.com\/index.php\/wp-json\/wp\/v2\/media?parent=256"}],"wp:term":[{"taxonomy":"product_brand","embeddable":true,"href":"https:\/\/test.evietic.com\/index.php\/wp-json\/wp\/v2\/product_brand?post=256"},{"taxonomy":"product_cat","embeddable":true,"href":"https:\/\/test.evietic.com\/index.php\/wp-json\/wp\/v2\/product_cat?post=256"},{"taxonomy":"product_tag","embeddable":true,"href":"https:\/\/test.evietic.com\/index.php\/wp-json\/wp\/v2\/product_tag?post=256"}],"curies":[{"name":"wp","href":"https:\/\/api.w.org\/{rel}","templated":true}]}}