{"id":242,"date":"2026-03-16T10:14:47","date_gmt":"2026-03-16T10:14:47","guid":{"rendered":"https:\/\/test.evietic.com\/?post_type=product&#038;p=242"},"modified":"2026-03-16T10:14:50","modified_gmt":"2026-03-16T10:14:50","slug":"lipid-support-60-veggiecaps-alpha-supplements","status":"publish","type":"product","link":"https:\/\/test.evietic.com\/index.php\/producto\/lipid-support-60-veggiecaps-alpha-supplements\/","title":{"rendered":"Lipid Support (60 Veggiecaps) &#8211; Alpha Supplements"},"content":{"rendered":"<p>Lipid Support es una f\u00f3rmula avanzada de Alpha Supplements dise\u00f1ada para complementar la estrategia de adultos que quieren cuidar su sistema cardiovascular y su equilibrio metab\u00f3lico . Est\u00e1 pensada para quienes ya trabajan su estilo de vida (alimentaci\u00f3n, actividad f\u00edsica y control del peso) y buscan un apoyo consistente, f\u00e1cil de integrar en la rutina diaria y con una composici\u00f3n transparente. La f\u00f3rmula combina tres ingredientes ampliamente utilizados para modular el perfil lip\u00eddico: bergamota c\u00edtrica ( Citrus bergamia ) estandarizada al 50% de polifenoles , agracejo ( Berberis aristata ) estandarizado al 95% de berberina , y extracto de ajo ( Allium sativum L. ) estandarizado al 1% de alicina . La estandarizaci\u00f3n aporta consistencia lote a lote y permite conocer el aporte real de compuestos bioactivos: por cada 3 c\u00e1psulas se proporcionan 1500 mg de bergamota (de los cuales 750 mg son polifenoles), 750 mg de agracejo (con 712,5 mg de berberina) y 450 mg de extracto de ajo (con 4,5 mg de alicina). Los polifenoles y otros fitocompuestos presentes en estos ingredientes se investigan por su inter\u00e9s en rutas relacionadas con el metabolismo de las grasas . Por ello, Lipid Support encaja especialmente bien en planes orientados a optimizar h\u00e1bitos: dieta rica en fibra (legumbres, avena, frutas y verduras), priorizaci\u00f3n de grasas insaturadas (aceite de oliva virgen extra y frutos secos), menor presencia de grasas saturadas y ultraprocesados, y ejercicio regular. Si tu objetivo es mejorar tus cifras de colesterol , Lipid Support sirve como apoyo a una rutina de h\u00e1bitos sostenibles, revisi\u00f3n peri\u00f3dica de la alimentaci\u00f3n y, cuando corresponda, seguimiento sanitario. Adem\u00e1s, Lipid Support est\u00e1 elaborado \u00fanicamente a partir de extractos vegetales bajo est\u00e1ndares GMP.<\/p>\n","protected":false},"excerpt":{"rendered":"<p>Con bergamota, berberina y ajo estandarizados. Una f\u00f3rmula pensada para acompa\u00f1ar h\u00e1bitos saludables y una rutina enfocada al perfil lip\u00eddico .<\/p>\n","protected":false},"featured_media":168,"comment_status":"open","ping_status":"closed","template":"","meta":[],"product_brand":[],"product_cat":[22,23,24,18,21,20],"product_tag":[],"class_list":{"0":"post-242","1":"product","2":"type-product","3":"status-publish","4":"has-post-thumbnail","6":"product_cat-extractos-vegetales","7":"product_cat-formulas-alpha","8":"product_cat-mas-vendidos","9":"product_cat-objetivos","10":"product_cat-salud","11":"product_cat-salud-cardiovascular","13":"first","14":"instock","15":"shipping-taxable","16":"purchasable","17":"product-type-simple"},"_links":{"self":[{"href":"https:\/\/test.evietic.com\/index.php\/wp-json\/wp\/v2\/product\/242","targetHints":{"allow":["GET"]}}],"collection":[{"href":"https:\/\/test.evietic.com\/index.php\/wp-json\/wp\/v2\/product"}],"about":[{"href":"https:\/\/test.evietic.com\/index.php\/wp-json\/wp\/v2\/types\/product"}],"replies":[{"embeddable":true,"href":"https:\/\/test.evietic.com\/index.php\/wp-json\/wp\/v2\/comments?post=242"}],"wp:featuredmedia":[{"embeddable":true,"href":"https:\/\/test.evietic.com\/index.php\/wp-json\/wp\/v2\/media\/168"}],"wp:attachment":[{"href":"https:\/\/test.evietic.com\/index.php\/wp-json\/wp\/v2\/media?parent=242"}],"wp:term":[{"taxonomy":"product_brand","embeddable":true,"href":"https:\/\/test.evietic.com\/index.php\/wp-json\/wp\/v2\/product_brand?post=242"},{"taxonomy":"product_cat","embeddable":true,"href":"https:\/\/test.evietic.com\/index.php\/wp-json\/wp\/v2\/product_cat?post=242"},{"taxonomy":"product_tag","embeddable":true,"href":"https:\/\/test.evietic.com\/index.php\/wp-json\/wp\/v2\/product_tag?post=242"}],"curies":[{"name":"wp","href":"https:\/\/api.w.org\/{rel}","templated":true}]}}